{"id":3830,"date":"2018-10-25T19:24:57","date_gmt":"2018-10-25T17:24:57","guid":{"rendered":"https:\/\/immeublesquebec.ca\/?page_id=3830"},"modified":"2018-10-25T19:26:31","modified_gmt":"2018-10-25T17:26:31","slug":"our-properties","status":"publish","type":"page","link":"https:\/\/immeublesquebec.ca\/en\/our-properties\/","title":{"rendered":"Our properties"},"content":{"rendered":"<div class=\"wpb-content-wrapper\"><p>[vc_row][vc_column css=&#8221;.vc_custom_1530530997764{padding-top: 12px !important;padding-bottom: 48px !important;}&#8221;][vc_column_text css=&#8221;.vc_custom_1537976958299{margin-bottom: 0px !important;}&#8221;]<\/p>\n<h4 style=\"font-size: 21px; text-align: center; max-width: 768px; margin: 0 auto;\">Immeubles Qu\u00e9bec vous offre une vari\u00e9t\u00e9 de propri\u00e9t\u00e9s de qualit\u00e9, principalement dans la r\u00e9gion de Qu\u00e9bec et de Chicoutimi, r\u00e9parties en quatre secteurs : Commercial, Industriel, r\u00e9sidentiels et terrains.<\/h4>\n<p>[\/vc_column_text][\/vc_column][\/vc_row][vc_row][vc_column]    <div class=\"mh-grid\">\r\n\t\t            <div class=\"mh-grid__1of3\">\r\n                <div class=\" mh-attribute-property-type__commercial-en mh-attribute-property-type__industriel-en mh-attribute-property-type__entrepot-en mh-attribute-offer-type__presentement-loue-en mh-attribute-city__quebec-en mh-attribute-property-size__property-size \">\r\n                    <article class=\"mh-estate-vertical mh-estate-vertical--list\">\r\n\t\t\t\t\t\t\r\n                        <a href=\"https:\/\/immeublesquebec.ca\/en\/properties\/2075-rue-lavoisier-quebec\/\"\r\n                           title=\"2075 RUE LAVOISIER, Qu\u00e9bec\"\r\n                           class=\"mh-thumbnail\"\r\n\t\t\t\t\t\t\t                        >\r\n\r\n\t\t\t\t\t\t\t                                <div class=\"mh-thumbnail__inner\">\r\n\t\t\t\t\t\t\t\t\t\t\t<img\r\n\t\t\t\t\t\t\tdata-srcset=\"https:\/\/immeublesquebec.ca\/wp-content\/uploads\/2018\/09\/LAVOISIER_1-120x75.jpg 120w, https:\/\/immeublesquebec.ca\/wp-content\/uploads\/2018\/09\/LAVOISIER_1-848x530.jpg 848w, https:\/\/immeublesquebec.ca\/wp-content\/uploads\/2018\/09\/LAVOISIER_1-600x375.jpg 600w, https:\/\/immeublesquebec.ca\/wp-content\/uploads\/2018\/09\/LAVOISIER_1-400x250.jpg 400w, https:\/\/immeublesquebec.ca\/wp-content\/uploads\/2018\/09\/LAVOISIER_1-224x140.jpg 224w\"\r\n\t\t\t\tclass=\"lazyload \"\r\n\t\t\t\tdata-sizes=\"auto\"\r\n\t\t\t\t\t\talt=\"2075 RUE LAVOISIER, Qu\u00e9bec\"\r\n\t\t>\r\n\t\t                                <\/div>\r\n\t\t\t\t\t\t\t\r\n\t\t\t\t\t\t\t                                <div class=\"mh-thumbnail__featured\">\r\n                                    <i class=\"fas fa-star\"><\/i>\r\n                                <\/div>\r\n\t\t\t\t\t\t\t\r\n\t\t\t\t\t\t\t                                <div class=\"mh-caption\">\r\n\r\n\t\t\t\t\t\t\t\t\t\t\t\t\t\t\t\t\t\t\t                                            <div\r\n                                                    class=\"mh-caption__inner mh-label__presentement-loue-en\"\r\n                                                    style=\"background-color: #29aae3; color: #fff\"\r\n                                            >\r\n\t\t\t\t\t\t\t\t\t\t\t\tCurrently rented                                            <\/div>\r\n\t\t\t\t\t\t\t\t\t\t\t\t\t\t\t\t\t\t\t\r\n                                <\/div>\r\n\t\t\t\t\t\t\t\r\n                            <div class=\"mh-estate-vertical__text\">\r\n                                <div class=\"mh-estate-vertical__text__inner\">\r\n\t\t\t\t\t\t\t\t\t\r\n \tLocated in the Duberger industrial district, this building has an area of \u200b\u200b18,168 sq.ft.\r\n \tTwo-story commercial and industrial building\r\n \tTwo outdoor ...                                <\/div>\r\n                            <\/div>\r\n                        <\/a>\r\n\r\n                        <div class=\"mh-estate-vertical__content\">\r\n                            <h3 class=\"mh-estate-vertical__heading\">\r\n                                <a href=\"https:\/\/immeublesquebec.ca\/en\/properties\/2075-rue-lavoisier-quebec\/\"\r\n                                   title=\"2075 RUE LAVOISIER, Qu\u00e9bec\"\r\n\t\t\t\t\t\t\t\t\t                                >\r\n\t\t\t\t\t\t\t\t\t2075 RUE LAVOISIER, Qu\u00e9bec                                <\/a>\r\n                            <\/h3>\r\n\r\n\t\t\t\t\t\t\t                                <address class=\"mh-estate-vertical__subheading\">\r\n                                    <i class=\"flaticon-pin\"><\/i>\r\n\t\t\t\t\t\t\t\t\t2075 Rue Lavoisier, Qu\u00e9bec, QC, Canada                                <\/address>\r\n\t\t\t\t\t\t\t\r\n                            <div class=\"mh-estate-vertical__primary\">\r\n\t\t\t\t\t\t\t\t                                    <div class=\"mh-price__contact\">\r\n\t\t\t\t\t\t\t\t\t\tContactez-nous pour le prix                                    <\/div>\r\n\t\t\t\t\t\t\t\t                            <\/div>\r\n\r\n                            <div>\r\n                                <div class=\"mh-estate__list\">\r\n\t\t\t\t\t\t\t\t\t\r\n                                        <div class=\"mh-estate-vertical__more-info mh-attribute__property-size\">\r\n                                            <strong>\r\n\t\t\t\t\t\t\t\t\t\t\t\t\t\t\t\t\t\t\t\t\t\t\t\t\tSuperficie brut:\r\n\t\t\t\t\t\t\t\t\t\t\t\t                                            <\/strong>\r\n\r\n\t\t\t\t\t\t\t\t\t\t\t18 168  pi\u00b2\r\n                                        <\/div>\r\n\r\n\t\t\t\t\t\t\t\t\t                                <\/div>\r\n                            <\/div>\r\n\r\n                            <div class=\"mh-estate-vertical__bottom\">\r\n                                <div class=\"mh-estate-vertical__bottom__inner\">\r\n\r\n\t\t\t\t\t\t\t\t\t\r\n                                    <div class=\"mh-estate-vertical__buttons-wrapper\">\r\n                                        <div class=\"mh-estate-vertical__buttons\">\r\n\r\n\t\t\t\t\t\t\t\t\t\t\t\r\n                                            <div class=\"mh-estate-vertical__buttons__single\">\r\n                                                <a href=\"https:\/\/immeublesquebec.ca\/en\/properties\/2075-rue-lavoisier-quebec\/\"\r\n                                                   title=\"2075 RUE LAVOISIER, Qu\u00e9bec\"\r\n                                                   class=\"mdl-button mdl-js-button mdl-button--raised mdl-button--primary-ghost\"\r\n\t\t\t\t\t\t\t\t\t\t\t\t\t                                                >\r\n\t\t\t\t\t\t\t\t\t\t\t\t\tDetails                                                    <span class=\"mdl-button__icon-right\">\r\n                                                    <i class=\"fas fa-angle-right\"><\/i>\r\n                                                <\/span>\r\n                                                <\/a>\r\n                                            <\/div>\r\n                                        <\/div>\r\n                                    <\/div>\r\n                                <\/div>\r\n                            <\/div>\r\n                        <\/div>\r\n                    <\/article>\r\n                <\/div>\r\n            <\/div>\r\n\t\t            <div class=\"mh-grid__1of3\">\r\n                <div class=\" mh-attribute-lot-size__lot-size \">\r\n                    <article class=\"mh-estate-vertical mh-estate-vertical--list\">\r\n\t\t\t\t\t\t\r\n                        <a href=\"https:\/\/immeublesquebec.ca\/en\/properties\/terrain-chicoutimi\/\"\r\n                           title=\"Terrain, Chicoutimi\"\r\n                           class=\"mh-thumbnail\"\r\n\t\t\t\t\t\t\t                        >\r\n\r\n\t\t\t\t\t\t\t                                <div class=\"mh-thumbnail__inner\">\r\n\t\t\t\t\t\t\t\t\t\t\t<img\r\n\t\t\t\t\t\t\tdata-srcset=\"https:\/\/immeublesquebec.ca\/wp-content\/uploads\/2018\/09\/plan_terrain_chicoutimi_1-120x75.jpg 120w, https:\/\/immeublesquebec.ca\/wp-content\/uploads\/2018\/09\/plan_terrain_chicoutimi_1-848x530.jpg 848w, https:\/\/immeublesquebec.ca\/wp-content\/uploads\/2018\/09\/plan_terrain_chicoutimi_1-600x375.jpg 600w, https:\/\/immeublesquebec.ca\/wp-content\/uploads\/2018\/09\/plan_terrain_chicoutimi_1-400x250.jpg 400w, https:\/\/immeublesquebec.ca\/wp-content\/uploads\/2018\/09\/plan_terrain_chicoutimi_1-224x140.jpg 224w\"\r\n\t\t\t\tclass=\"lazyload \"\r\n\t\t\t\tdata-sizes=\"auto\"\r\n\t\t\t\t\t\talt=\"Terrain, Chicoutimi\"\r\n\t\t>\r\n\t\t                                <\/div>\r\n\t\t\t\t\t\t\t\r\n\t\t\t\t\t\t\t                                <div class=\"mh-thumbnail__featured\">\r\n                                    <i class=\"fas fa-star\"><\/i>\r\n                                <\/div>\r\n\t\t\t\t\t\t\t\r\n\t\t\t\t\t\t\t                                <div class=\"mh-caption\">\r\n\r\n\t\t\t\t\t\t\t\t\t\r\n                                <\/div>\r\n\t\t\t\t\t\t\t\r\n                            <div class=\"mh-estate-vertical__text\">\r\n                                <div class=\"mh-estate-vertical__text__inner\">\r\n\t\t\t\t\t\t\t\t\t                                <\/div>\r\n                            <\/div>\r\n                        <\/a>\r\n\r\n                        <div class=\"mh-estate-vertical__content\">\r\n                            <h3 class=\"mh-estate-vertical__heading\">\r\n                                <a href=\"https:\/\/immeublesquebec.ca\/en\/properties\/terrain-chicoutimi\/\"\r\n                                   title=\"Terrain, Chicoutimi\"\r\n\t\t\t\t\t\t\t\t\t                                >\r\n\t\t\t\t\t\t\t\t\tTerrain, Chicoutimi                                <\/a>\r\n                            <\/h3>\r\n\r\n\t\t\t\t\t\t\t\r\n                            <div class=\"mh-estate-vertical__primary\">\r\n\t\t\t\t\t\t\t\t                                    <div class=\"mh-price__contact\">\r\n\t\t\t\t\t\t\t\t\t\tContactez-nous pour le prix                                    <\/div>\r\n\t\t\t\t\t\t\t\t                            <\/div>\r\n\r\n                            <div>\r\n                                <div class=\"mh-estate__list\">\r\n\t\t\t\t\t\t\t\t\t\r\n                                        <div class=\"mh-estate-vertical__more-info mh-attribute__lot-size\">\r\n                                            <strong>\r\n\t\t\t\t\t\t\t\t\t\t\t\t\t\t\t\t\t\t\t\t\t\t\t\t\tSuperficie du lot :\r\n\t\t\t\t\t\t\t\t\t\t\t\t                                            <\/strong>\r\n\r\n\t\t\t\t\t\t\t\t\t\t\t5, 600,000   pi\u00b2\r\n                                        <\/div>\r\n\r\n\t\t\t\t\t\t\t\t\t                                <\/div>\r\n                            <\/div>\r\n\r\n                            <div class=\"mh-estate-vertical__bottom\">\r\n                                <div class=\"mh-estate-vertical__bottom__inner\">\r\n\r\n\t\t\t\t\t\t\t\t\t\r\n                                    <div class=\"mh-estate-vertical__buttons-wrapper\">\r\n                                        <div class=\"mh-estate-vertical__buttons\">\r\n\r\n\t\t\t\t\t\t\t\t\t\t\t\r\n                                            <div class=\"mh-estate-vertical__buttons__single\">\r\n                                                <a href=\"https:\/\/immeublesquebec.ca\/en\/properties\/terrain-chicoutimi\/\"\r\n                                                   title=\"Terrain, Chicoutimi\"\r\n                                                   class=\"mdl-button mdl-js-button mdl-button--raised mdl-button--primary-ghost\"\r\n\t\t\t\t\t\t\t\t\t\t\t\t\t                                                >\r\n\t\t\t\t\t\t\t\t\t\t\t\t\tDetails                                                    <span class=\"mdl-button__icon-right\">\r\n                                                    <i class=\"fas fa-angle-right\"><\/i>\r\n                                                <\/span>\r\n                                                <\/a>\r\n                                            <\/div>\r\n                                        <\/div>\r\n                                    <\/div>\r\n                                <\/div>\r\n                            <\/div>\r\n                        <\/div>\r\n                    <\/article>\r\n                <\/div>\r\n            <\/div>\r\n\t\t            <div class=\"mh-grid__1of3\">\r\n                <div class=\" mh-attribute-property-type__bureaux-en-2 mh-attribute-property-type__commercial-en mh-attribute-property-type__entrepot-en-2 mh-attribute-property-type__industriel-en-2 mh-attribute-offer-type__presentement-loue-en-2 mh-attribute-city__quebec-en mh-attribute-bathrooms__bathrooms mh-attribute-property-size__property-size mh-attribute-year-built__year-built mh-attribute-features__cuisine-en-2 mh-attribute-features__salle-de-conference mh-attribute-nombre-d--tages__1mezzanine-en mh-attribute-hauteur-libre__17-pi-en-2 mh-attribute-zonage__atelier-de-carrosserie mh-attribute-zonage__atelier-de-reparation mh-attribute-zonage__commerce-a-caractere-erotique mh-attribute-zonage__debit-dalcool mh-attribute-zonage__generateur-dentreposage mh-attribute-zonage__lieu-de-rassemblement mh-attribute-zonage__poste-dessence mh-attribute-zonage__c20-en mh-attribute-zonage__services-administratifs mh-attribute-zonage__vente-au-detail-et-services mh-attribute-zonage__vente-ou-location-dautres-vehicules mh-attribute-zonage__vente-ou-location-de-petits-vehicules mh-attribute-zonage__vente-ou-location-de-vehicules-legers mh-attribute-zonage__vente-location-ou-reparation-dequipements-lourds \">\r\n                    <article class=\"mh-estate-vertical mh-estate-vertical--list\">\r\n\t\t\t\t\t\t\r\n                        <a href=\"https:\/\/immeublesquebec.ca\/en\/properties\/2125-rue-hertz-quebec-2\/\"\r\n                           title=\"2125 RUE HERTZ , Qu\u00e9bec\"\r\n                           class=\"mh-thumbnail\"\r\n\t\t\t\t\t\t\t                        >\r\n\r\n\t\t\t\t\t\t\t                                <div class=\"mh-thumbnail__inner\">\r\n\t\t\t\t\t\t\t\t\t\t\t<img\r\n\t\t\t\t\t\t\tdata-srcset=\"https:\/\/immeublesquebec.ca\/wp-content\/uploads\/2018\/09\/HERTZ-1-120x75.jpg 120w, https:\/\/immeublesquebec.ca\/wp-content\/uploads\/2018\/09\/HERTZ-1-848x530.jpg 848w, https:\/\/immeublesquebec.ca\/wp-content\/uploads\/2018\/09\/HERTZ-1-600x375.jpg 600w, https:\/\/immeublesquebec.ca\/wp-content\/uploads\/2018\/09\/HERTZ-1-400x250.jpg 400w, https:\/\/immeublesquebec.ca\/wp-content\/uploads\/2018\/09\/HERTZ-1-224x140.jpg 224w\"\r\n\t\t\t\tclass=\"lazyload \"\r\n\t\t\t\tdata-sizes=\"auto\"\r\n\t\t\t\t\t\talt=\"2125 RUE HERTZ , Qu\u00e9bec\"\r\n\t\t>\r\n\t\t                                <\/div>\r\n\t\t\t\t\t\t\t\r\n\t\t\t\t\t\t\t                                <div class=\"mh-thumbnail__featured\">\r\n                                    <i class=\"fas fa-star\"><\/i>\r\n                                <\/div>\r\n\t\t\t\t\t\t\t\r\n\t\t\t\t\t\t\t                                <div class=\"mh-caption\">\r\n\r\n\t\t\t\t\t\t\t\t\t\t\t\t\t\t\t\t\t\t\t                                            <div\r\n                                                    class=\"mh-caption__inner mh-label__presentement-loue-en-2\"\r\n                                                    style=\"background-color: #29aae3; color: #fff\"\r\n                                            >\r\n\t\t\t\t\t\t\t\t\t\t\t\tPr\u00e9sentement lou\u00e9                                            <\/div>\r\n\t\t\t\t\t\t\t\t\t\t\t\t\t\t\t\t\t\t\t\r\n                                <\/div>\r\n\t\t\t\t\t\t\t\r\n                            <div class=\"mh-estate-vertical__text\">\r\n                                <div class=\"mh-estate-vertical__text__inner\">\r\n\t\t\t\t\t\t\t\t\tLibre \u00e0 l&#039;automne 2019\r\n\r\n \tDeux portes de garage (2285 X 2440 mm)\r\n \tUn d\u00e9barcad\u00e8re\r\n \t1 Chambre temp\u00e9r\u00e9e (600.6 pied carr\u00e9)\r\n \t1 chambre froide (600.6 pied...                                <\/div>\r\n                            <\/div>\r\n                        <\/a>\r\n\r\n                        <div class=\"mh-estate-vertical__content\">\r\n                            <h3 class=\"mh-estate-vertical__heading\">\r\n                                <a href=\"https:\/\/immeublesquebec.ca\/en\/properties\/2125-rue-hertz-quebec-2\/\"\r\n                                   title=\"2125 RUE HERTZ , Qu\u00e9bec\"\r\n\t\t\t\t\t\t\t\t\t                                >\r\n\t\t\t\t\t\t\t\t\t2125 RUE HERTZ , Qu\u00e9bec                                <\/a>\r\n                            <\/h3>\r\n\r\n\t\t\t\t\t\t\t                                <address class=\"mh-estate-vertical__subheading\">\r\n                                    <i class=\"flaticon-pin\"><\/i>\r\n\t\t\t\t\t\t\t\t\t2125 Rue Hertz, Qu\u00e9bec, QC, Canada                                <\/address>\r\n\t\t\t\t\t\t\t\r\n                            <div class=\"mh-estate-vertical__primary\">\r\n\t\t\t\t\t\t\t\t                                    <div class=\"mh-price__contact\">\r\n\t\t\t\t\t\t\t\t\t\tContactez-nous pour le prix                                    <\/div>\r\n\t\t\t\t\t\t\t\t                            <\/div>\r\n\r\n                            <div>\r\n                                <div class=\"mh-estate__list\">\r\n\t\t\t\t\t\t\t\t\t\r\n                                        <div class=\"mh-estate-vertical__more-info mh-attribute__property-size\">\r\n                                            <strong>\r\n\t\t\t\t\t\t\t\t\t\t\t\t\t\t\t\t\t\t\t\t\t\t\t\t\tSuperficie brut:\r\n\t\t\t\t\t\t\t\t\t\t\t\t                                            <\/strong>\r\n\r\n\t\t\t\t\t\t\t\t\t\t\t16 806   pi\u00b2\r\n                                        <\/div>\r\n\r\n\t\t\t\t\t\t\t\t\t                                <\/div>\r\n                            <\/div>\r\n\r\n                            <div class=\"mh-estate-vertical__bottom\">\r\n                                <div class=\"mh-estate-vertical__bottom__inner\">\r\n\r\n\t\t\t\t\t\t\t\t\t\r\n                                    <div class=\"mh-estate-vertical__buttons-wrapper\">\r\n                                        <div class=\"mh-estate-vertical__buttons\">\r\n\r\n\t\t\t\t\t\t\t\t\t\t\t\r\n                                            <div class=\"mh-estate-vertical__buttons__single\">\r\n                                                <a href=\"https:\/\/immeublesquebec.ca\/en\/properties\/2125-rue-hertz-quebec-2\/\"\r\n                                                   title=\"2125 RUE HERTZ , Qu\u00e9bec\"\r\n                                                   class=\"mdl-button mdl-js-button mdl-button--raised mdl-button--primary-ghost\"\r\n\t\t\t\t\t\t\t\t\t\t\t\t\t                                                >\r\n\t\t\t\t\t\t\t\t\t\t\t\t\tDetails                                                    <span class=\"mdl-button__icon-right\">\r\n                                                    <i class=\"fas fa-angle-right\"><\/i>\r\n                                                <\/span>\r\n                                                <\/a>\r\n                                            <\/div>\r\n                                        <\/div>\r\n                                    <\/div>\r\n                                <\/div>\r\n                            <\/div>\r\n                        <\/div>\r\n                    <\/article>\r\n                <\/div>\r\n            <\/div>\r\n\t\t    <\/div>\r\n\r\n[\/vc_column][\/vc_row][vc_row][vc_column][vc_empty_space height=&#8221;48px&#8221;][\/vc_column][\/vc_row]<\/p>\n<\/div>","protected":false},"excerpt":{"rendered":"<p>[vc_row][vc_column css=&#8221;.vc_custom_1530530997764{padding-top: 12px !important;padding-bottom: 48px !important;}&#8221;][vc_column_text css=&#8221;.vc_custom_1537976958299{margin-bottom: 0px !important;}&#8221;] Immeubles Qu\u00e9bec vous offre une vari\u00e9t\u00e9 de propri\u00e9t\u00e9s de qualit\u00e9, principalement dans la r\u00e9gion de Qu\u00e9bec et de Chicoutimi, r\u00e9parties en quatre secteurs : Commercial, Industriel, r\u00e9sidentiels et terrains. [\/vc_column_text][\/vc_column][\/vc_row][vc_row][vc_column][\/vc_column][\/vc_row][vc_row][vc_column][vc_empty_space height=&#8221;48px&#8221;][\/vc_column][\/vc_row]<\/p>\n","protected":false},"author":1,"featured_media":0,"parent":0,"menu_order":0,"comment_status":"closed","ping_status":"closed","template":"page_full-width-with-top-title.php","meta":{"_acf_changed":false,"footnotes":""},"class_list":["post-3830","page","type-page","status-publish","hentry"],"acf":[],"aioseo_notices":[],"_links":{"self":[{"href":"https:\/\/immeublesquebec.ca\/en\/wp-json\/wp\/v2\/pages\/3830","targetHints":{"allow":["GET"]}}],"collection":[{"href":"https:\/\/immeublesquebec.ca\/en\/wp-json\/wp\/v2\/pages"}],"about":[{"href":"https:\/\/immeublesquebec.ca\/en\/wp-json\/wp\/v2\/types\/page"}],"author":[{"embeddable":true,"href":"https:\/\/immeublesquebec.ca\/en\/wp-json\/wp\/v2\/users\/1"}],"replies":[{"embeddable":true,"href":"https:\/\/immeublesquebec.ca\/en\/wp-json\/wp\/v2\/comments?post=3830"}],"version-history":[{"count":0,"href":"https:\/\/immeublesquebec.ca\/en\/wp-json\/wp\/v2\/pages\/3830\/revisions"}],"wp:attachment":[{"href":"https:\/\/immeublesquebec.ca\/en\/wp-json\/wp\/v2\/media?parent=3830"}],"curies":[{"name":"wp","href":"https:\/\/api.w.org\/{rel}","templated":true}]}}